{"id":4212,"date":"2018-07-09T06:37:44","date_gmt":"2018-07-09T06:37:44","guid":{"rendered":"http:\/\/www.cwds.ac.in\/?page_id=4212"},"modified":"2018-07-13T07:20:31","modified_gmt":"2018-07-13T07:20:31","slug":"bhaswati-thakurta","status":"publish","type":"page","link":"https:\/\/backupp.com\/cwds\/faculty-and-staff\/supporting-research-staff\/bhaswati-thakurta\/","title":{"rendered":"Bhaswati  Thakurta"},"content":{"rendered":"<p>Contact: bhaswati@cwds.ac.in<\/p>\n<h5>Education<\/h5>\n<p><img loading=\"lazy\" decoding=\"async\" class=\"alignright wp-image-3681\" src=\"http:\/\/www.cwds.ac.in\/wp-content\/uploads\/2018\/02\/bhaswati-796x1024.jpg\" alt=\"\" width=\"150\" height=\"193\" srcset=\"https:\/\/backupp.com\/cwds\/wp-content\/uploads\/2018\/02\/bhaswati-796x1024.jpg 796w, https:\/\/backupp.com\/cwds\/wp-content\/uploads\/2018\/02\/bhaswati-233x300.jpg 233w, https:\/\/backupp.com\/cwds\/wp-content\/uploads\/2018\/02\/bhaswati-768x987.jpg 768w, https:\/\/backupp.com\/cwds\/wp-content\/uploads\/2018\/02\/bhaswati-210x270.jpg 210w, https:\/\/backupp.com\/cwds\/wp-content\/uploads\/2018\/02\/bhaswati.jpg 805w\" sizes=\"auto, (max-width: 150px) 100vw, 150px\" \/><\/p>\n<ul>\n<li>MPhil. (Women\u2019s Studies) specialization in Environmental Science from Women\u2019s Studies Research Centre, University of Calcutta<\/li>\n<\/ul>\n<p>Research Interest: \u00a0Natural Resource Management, Climate Change and Livelihood, Disaster Risk Reduction.<\/p>\n<p><strong>Publications<\/strong><\/p>\n<p><em>Papers &amp; Articles<\/em><\/p>\n<ul>\n<li>\u2018From Development Induced Displacement to the Verge of Migration: A case study of Displaced Santali Women in Bankura district of West Bengal\u2019 in Surjit Singh &amp; Dhruv Raina (Ed.),<em> Society and Development: Regional Perspectives, <\/em>Rawat Publication, Delhi, 2016<\/li>\n<li>\u2018Gender Perspective of Participatory Forest Management in India\u2019 in Chittabrata Palit &amp; Priyanka Guha Roy (Ed.),<em> Popular Culture: Plumbing People\u2019s History, <\/em>Rupali, Kolkata, 2016.<\/li>\n<li>\u2018Human Animal Conflicts: Exploring the Policy, Belief and Myth in the Bankura District of West Bengal\u2019 in Dai-Yeun-Jeong &amp; Mohinder Slariya (Ed.), Human Dimension of Water and Development: Issues and Challenges in the Context of Climate Change<em>, Create Space Independent Publishing Platform, USA, 2015 ISBN 9781517674823<\/em><\/li>\n<li>\u2018Las Mujeres en la Gesti\u00f3n Colectiva de Bosques, un Estudio a trav\u00e9s de algunos Comit\u00e9s para Protecci\u00f3n de Bosques en el Distrito Bankura, Bengala Occidental\u2019 (Women in Joint Forest Management: Study of Some Forest Protection Committee in Bankura District of West Bengal) in Alka Jaspal (Ed.),<em> Papeles de India, ICCR, \u00a02015, Vol.44, No. 1, ISSN 0971-1449<\/em><\/li>\n<li>Article on \u2018Disaster Management Comparative Study between Japan and India\u2019 at Jenesys East Asia Future Leaders Programme on Disaster Management and People Working Toward the Creation of a Strong Society, <em>Japan Foundation, July 2012, ISBN-978-4-87540-152-0<\/em><\/li>\n<li>Different Shades of Susana-Article on Susana Gentileschi, Aryanil Mukherjee (Ed.),<em>Kaurab Vol 113 February 2012 ISSN 2249-4960<\/em><\/li>\n<\/ul>\n<p><em>Training Manual<\/em><\/p>\n<ul>\n<li>Gender Mainstreaming in Disaster Management: produced by Women\u2019s Studies Research Centre- Calcutta University, UNDP and Government of West Bengal Department of Disaster Management (2010).<\/li>\n<\/ul>\n","protected":false},"excerpt":{"rendered":"<p>Contact: bhaswati@cwds.ac.in Education MPhil. (Women\u2019s Studies) specialization in Environmental Science from Women\u2019s Studies Research Centre, University of Calcutta Research Interest: \u00a0Natural Resource Management, Climate Change and Livelihood, Disaster Risk Reduction. Publications Papers &amp; Articles \u2018From Development Induced Displacement to the <a href=\"https:\/\/backupp.com\/cwds\/faculty-and-staff\/supporting-research-staff\/bhaswati-thakurta\/\" class=\"read-more\">Read More &#8230;<\/a><\/p>\n","protected":false},"author":1,"featured_media":0,"parent":1336,"menu_order":0,"comment_status":"closed","ping_status":"closed","template":"","meta":{"_acf_changed":false,"footnotes":""},"class_list":["post-4212","page","type-page","status-publish","hentry"],"acf":[],"_links":{"self":[{"href":"https:\/\/backupp.com\/cwds\/wp-json\/wp\/v2\/pages\/4212","targetHints":{"allow":["GET"]}}],"collection":[{"href":"https:\/\/backupp.com\/cwds\/wp-json\/wp\/v2\/pages"}],"about":[{"href":"https:\/\/backupp.com\/cwds\/wp-json\/wp\/v2\/types\/page"}],"author":[{"embeddable":true,"href":"https:\/\/backupp.com\/cwds\/wp-json\/wp\/v2\/users\/1"}],"replies":[{"embeddable":true,"href":"https:\/\/backupp.com\/cwds\/wp-json\/wp\/v2\/comments?post=4212"}],"version-history":[{"count":5,"href":"https:\/\/backupp.com\/cwds\/wp-json\/wp\/v2\/pages\/4212\/revisions"}],"predecessor-version":[{"id":4246,"href":"https:\/\/backupp.com\/cwds\/wp-json\/wp\/v2\/pages\/4212\/revisions\/4246"}],"up":[{"embeddable":true,"href":"https:\/\/backupp.com\/cwds\/wp-json\/wp\/v2\/pages\/1336"}],"wp:attachment":[{"href":"https:\/\/backupp.com\/cwds\/wp-json\/wp\/v2\/media?parent=4212"}],"curies":[{"name":"wp","href":"https:\/\/api.w.org\/{rel}","templated":true}]}}